{"id":10,"date":"2015-09-23T08:50:11","date_gmt":"2015-09-23T08:50:11","guid":{"rendered":"https:\/\/pixelgrade.com\/demos\/listable-demo-data\/?page_id=10"},"modified":"2017-03-24T11:07:42","modified_gmt":"2017-03-24T10:07:42","slug":"add-listing","status":"publish","type":"page","link":"https:\/\/www.guiamanresa.cat\/directori\/add-listing\/","title":{"rendered":"Afegeix el teu negoci a la Guia de Manresa"},"content":{"rendered":"\n<form action=\"\/directori\/wp-json\/wp\/v2\/pages\/10\" method=\"post\" id=\"submit-job-form\" class=\"job-manager-form\" enctype=\"multipart\/form-data\">\n\n\t\n\t\n\t\t\t<fieldset>\n\t\t<label>Have an account?<\/label>\n\t\t<div class=\"field account-sign-in \">\n\t\t\t<a class=\"button iframe-login-link\" href=\"https:\/\/www.guiamanresa.cat\/directori\/wp-login.php?redirect_to=https%3A%2F%2Fwww.guiamanresa.cat%2Fdirectori%2Fadd-listing%2F&modal_login=true#login\">Sign in<\/a>\n\n\t\t\t\n\t\t\t\tIf you don&rsquo;t have an account you can create one below by entering your email address\/username. Your account details will be confirmed via email.\n\t\t\t\n\t\t<\/div>\n\t<\/fieldset>\n\t\t\t\t\t<fieldset>\n\t\t\t<label>Your email <\/label>\n\t\t\t<div class=\"field\">\n\t\t\t\t<input type=\"email\" class=\"input-text\" name=\"create_account_email\" id=\"account_email\" placeholder=\"you@yourdomain.com\" value=\"\" \/>\n\t\t\t<\/div>\n\t\t<\/fieldset>\n\t\t\t\n\n\t\n\t\n\t\t<!-- Job Information Fields -->\n\t\t\n\t\t\t\t\t<fieldset class=\"fieldset-job_title\">\n\t\t\t\t<label for=\"job_title\">\n\t\t\t\t\tNom al directori\t\t\t\t<\/label>\n\t\t\t\t<div class=\"field required-field\">\n\t\t\t\t\t<input type=\"text\" class=\"input-text\" name=\"job_title\" id=\"job_title\" placeholder=\"El vostre nom al directori\" value=\"\" maxlength=\"\" required \/>\n\t\t\t\t<\/div>\n\t\t\t<\/fieldset>\n\t\t\t\t\t<fieldset class=\"fieldset-company_tagline\">\n\t\t\t\t<label for=\"company_tagline\">\n\t\t\t\t\tTagline <small>(opcional)<\/small>\t\t\t\t<\/label>\n\t\t\t\t<div class=\"field \">\n\t\t\t\t\t<input type=\"text\" class=\"input-text\" name=\"company_tagline\" id=\"company_tagline\" placeholder=\"e.g Speciality Coffee Shop\" value=\"\" maxlength=\"64\"  \/>\n<small class=\"field-description\"><span class=\"description_tooltip left\">Breu i descriptiu ja que apareixer\u00e0 als resultats de la cerca en comptes de la descripci\u00f3 de l&#039;enlla\u00e7<\/span><\/small>\t\t\t\t<\/div>\n\t\t\t<\/fieldset>\n\t\t\t\t\t<fieldset class=\"fieldset-job_description\">\n\t\t\t\t<label for=\"job_description\">\n\t\t\t\t\tDescription\t\t\t\t<\/label>\n\t\t\t\t<div class=\"field required-field\">\n\t\t\t\t\t<div id=\"wp-job_description-wrap\" class=\"wp-core-ui wp-editor-wrap tmce-active\"><link rel='stylesheet' id='dashicons-css' href='https:\/\/www.guiamanresa.cat\/directori\/wp-includes\/css\/dashicons.min.css?ver=6.9.4' type='text\/css' media='all' \/>\n<link rel='stylesheet' id='editor-buttons-css' href='https:\/\/www.guiamanresa.cat\/directori\/wp-includes\/css\/editor.min.css?ver=6.9.4' type='text\/css' media='all' \/>\n<div id=\"wp-job_description-editor-container\" class=\"wp-editor-container\"><textarea class=\"wp-editor-area\" rows=\"8\" autocomplete=\"off\" cols=\"40\" name=\"job_description\" id=\"job_description\"><\/textarea><\/div>\n<\/div>\n\n\t\t\t\t<\/div>\n\t\t\t<\/fieldset>\n\t\t\t\t\t<fieldset class=\"fieldset-job_category\">\n\t\t\t\t<label for=\"job_category\">\n\t\t\t\t\tCategoria al directori\t\t\t\t<\/label>\n\t\t\t\t<div class=\"field required-field\">\n\t\t\t\t\t<select name='job_category[]' id='job_category' class='job-manager-category-dropdown ' multiple='multiple' data-placeholder='Selecciona una o m\u00e9s categories' data-no_results_text='No results match' data-multiple_text='Select Some Options'>\n\t<option class=\"level-0\" value=\"83\">Administracions<\/option>\n\t<option class=\"level-0\" value=\"151\">Advocats<\/option>\n\t<option class=\"level-0\" value=\"152\">Ag\u00e8ncies de viatges<\/option>\n\t<option class=\"level-0\" value=\"90\">Alimentaci\u00f3<\/option>\n\t<option class=\"level-0\" value=\"49\">Apartaments<\/option>\n\t<option class=\"level-0\" value=\"156\">Atenci\u00f3 Domicili\u00e0ria<\/option>\n\t<option class=\"level-0\" value=\"52\">Bancs<\/option>\n\t<option class=\"level-0\" value=\"32\">Bars<\/option>\n\t<option class=\"level-0\" value=\"89\">Cafeteries<\/option>\n\t<option class=\"level-0\" value=\"31\">Cases rurals<\/option>\n\t<option class=\"level-0\" value=\"170\">Catalunya<\/option>\n\t<option class=\"level-0\" value=\"55\">Cerveseries<\/option>\n\t<option class=\"level-0\" value=\"76\">Cinemes<\/option>\n\t<option class=\"level-0\" value=\"168\">Climatitzaci\u00f3<\/option>\n\t<option class=\"level-0\" value=\"155\">Comer\u00e7<\/option>\n\t<option class=\"level-0\" value=\"58\">Concessionaris de cotxes<\/option>\n\t<option class=\"level-0\" value=\"67\">Discoteques<\/option>\n\t<option class=\"level-0\" value=\"166\">Disseny<\/option>\n\t<option class=\"level-0\" value=\"153\">Disseny Gr\u00e0fic<\/option>\n\t<option class=\"level-0\" value=\"148\">Drogueries<\/option>\n\t<option class=\"level-0\" value=\"167\">Electricistes<\/option>\n\t<option class=\"level-0\" value=\"86\">Electrodom\u00e8stics<\/option>\n\t<option class=\"level-0\" value=\"149\">Electr\u00f2nica<\/option>\n\t<option class=\"level-0\" value=\"105\">Estadis<\/option>\n\t<option class=\"level-0\" value=\"73\">Galeries d&#039;art<\/option>\n\t<option class=\"level-0\" value=\"176\">Gastronomia<\/option>\n\t<option class=\"level-0\" value=\"154\">Gent Gran<\/option>\n\t<option class=\"level-0\" value=\"65\">Hotels<\/option>\n\t<option class=\"level-0\" value=\"165\">Lampisteries<\/option>\n\t<option class=\"level-0\" value=\"54\">Llibreries<\/option>\n\t<option class=\"level-0\" value=\"63\">Mobles<\/option>\n\t<option class=\"level-0\" value=\"96\">Movie Theater<\/option>\n\t<option class=\"level-0\" value=\"74\">Museus<\/option>\n\t<option class=\"level-0\" value=\"93\">M\u00fasica<\/option>\n\t<option class=\"level-0\" value=\"68\">Nightclub<\/option>\n\t<option class=\"level-0\" value=\"25\">Parcs<\/option>\n\t<option class=\"level-0\" value=\"85\">Pensions<\/option>\n\t<option class=\"level-0\" value=\"158\">Pintors<\/option>\n\t<option class=\"level-0\" value=\"82\">Pizzeries<\/option>\n\t<option class=\"level-0\" value=\"175\">Pl\u00e0stics<\/option>\n\t<option class=\"level-0\" value=\"56\">Ponts<\/option>\n\t<option class=\"level-0\" value=\"174\">Publicitat<\/option>\n\t<option class=\"level-0\" value=\"27\">Restaurants<\/option>\n\t<option class=\"level-0\" value=\"163\">R\u00e8tols<\/option>\n\t<option class=\"level-0\" value=\"59\">Roba<\/option>\n\t<option class=\"level-0\" value=\"164\">Segells de goma<\/option>\n\t<option class=\"level-0\" value=\"64\">Serveis a domicili<\/option>\n\t<option class=\"level-0\" value=\"169\">Serveis t\u00e8cnics<\/option>\n\t<option class=\"level-0\" value=\"162\">Spa<\/option>\n\t<option class=\"level-0\" value=\"87\">Tallers de raparaci\u00f3<\/option>\n\t<option class=\"level-0\" value=\"75\">Teatre<\/option>\n\t<option class=\"level-0\" value=\"161\">Ter\u00e0pies naturals i alternatives<\/option>\n\t<option class=\"level-0\" value=\"62\">Tintoreries<\/option>\n<\/select>\n<small class=\"field-description\"><span class=\"description_tooltip right\">Visitors can filter their search by the categories and amenities they want - so make sure you choose them wisely and include all the relevant ones<\/span><\/small>\t\t\t\t<\/div>\n\t\t\t<\/fieldset>\n\t\t\t\t\t<fieldset class=\"fieldset-job_location\">\n\t\t\t\t<label for=\"job_location\">\n\t\t\t\t\tLocation <small>(opcional)<\/small>\t\t\t\t<\/label>\n\t\t\t\t<div class=\"field \">\n\t\t\t\t\t<input type=\"text\" class=\"input-text\" name=\"job_location\" id=\"job_location\" placeholder=\"e.g 34 Wigmore Street, London\" value=\"\" maxlength=\"\"  \/>\n<small class=\"field-description\">Leave this blank if the location is not important.<\/small>\t\t\t\t<\/div>\n\t\t\t<\/fieldset>\n\t\t\t\t\t<fieldset class=\"fieldset-company_logo\">\n\t\t\t\t<label for=\"company_logo\">\n\t\t\t\t\tLogo <small>(opcional)<\/small>\t\t\t\t<\/label>\n\t\t\t\t<div class=\"field \">\n\t\t\t\t\t<div class=\"job-manager-uploaded-files\">\n\t<\/div>\n\n<input type=\"file\" class=\"input-text wp-job-manager-file-upload\" data-file_types=\"jpg|jpeg|gif|png\"  name=\"company_logo\" id=\"company_logo\" placeholder=\"\" \/>\n<small class=\"field-description\">\n\t\t\tLa primera imatge es mostrar\u00e0 a la fitxa.\t<\/small>\t\t\t\t<\/div>\n\t\t\t<\/fieldset>\n\t\t\t\t\t<fieldset class=\"fieldset-main_image\">\n\t\t\t\t<label for=\"main_image\">\n\t\t\t\t\tGaleria d&#039;imatges <small>(opcional)<\/small>\t\t\t\t<\/label>\n\t\t\t\t<div class=\"field \">\n\t\t\t\t\t<div class=\"job-manager-uploaded-files\">\n\t<\/div>\n\n<input type=\"file\" class=\"input-text wp-job-manager-file-upload\" data-file_types=\"jpg|jpeg|gif|png\" multiple name=\"main_image[]\" id=\"main_image\" placeholder=\"\" \/>\n<small class=\"field-description\">\n\t\t\tLa primera imatge es mostrar\u00e0 a la fitxa.\t<\/small>\t\t\t\t<\/div>\n\t\t\t<\/fieldset>\n\t\t\t\t\t<fieldset class=\"fieldset-job_hours\">\n\t\t\t\t<label for=\"job_hours\">\n\t\t\t\t\tHoraris <small>(opcional)<\/small>\t\t\t\t<\/label>\n\t\t\t\t<div class=\"field \">\n\t\t\t\t\t<textarea cols=\"20\" rows=\"3\" class=\"input-text\" name=\"job_hours\" id=\"job_hours\" placeholder=\"Mon - Fri: 09:00 - 23:00 \nSat - Sun: 17:00 - 23:00\" maxlength=\"\" ><\/textarea>\n<small class=\"field-description\"><span class=\"description_tooltip right\">No dubteu a canviar el format del text per adaptar-se a les vostres necessitats.<\/span><\/small>\t\t\t\t<\/div>\n\t\t\t<\/fieldset>\n\t\t\t\t\t<fieldset class=\"fieldset-company_phone\">\n\t\t\t\t<label for=\"company_phone\">\n\t\t\t\t\tTel\u00e8fon <small>(opcional)<\/small>\t\t\t\t<\/label>\n\t\t\t\t<div class=\"field \">\n\t\t\t\t\t<input type=\"text\" class=\"input-text\" name=\"company_phone\" id=\"company_phone\" placeholder=\"e.g +42-898-4364\" value=\"\" maxlength=\"\"  \/>\n\t\t\t\t<\/div>\n\t\t\t<\/fieldset>\n\t\t\t\t\t<fieldset class=\"fieldset-company_website\">\n\t\t\t\t<label for=\"company_website\">\n\t\t\t\t\tWebsite <small>(opcional)<\/small>\t\t\t\t<\/label>\n\t\t\t\t<div class=\"field \">\n\t\t\t\t\t<input type=\"text\" class=\"input-text\" name=\"company_website\" id=\"company_website\" placeholder=\"e.g yourwebsite.com, London\" value=\"\" maxlength=\"\"  \/>\n<small class=\"field-description\"><span class=\"description_tooltip left\">You can add more similar panels to better help the user fill the form<\/span><\/small>\t\t\t\t<\/div>\n\t\t\t<\/fieldset>\n\t\t\t\t\t<fieldset class=\"fieldset-remote_position\">\n\t\t\t\t<label for=\"remote_position\">\n\t\t\t\t\tRemote Position <small>(opcional)<\/small>\t\t\t\t<\/label>\n\t\t\t\t<div class=\"field \">\n\t\t\t\t\t<input type=\"checkbox\" class=\"input-checkbox\" name=\"remote_position\" id=\"remote_position\"  value=\"1\"  \/>\n<small class=\"field-description\">Select if this is a remote position.<\/small>\t\t\t\t<\/div>\n\t\t\t<\/fieldset>\n\t\t\t\t\t<fieldset class=\"fieldset-company_twitter\">\n\t\t\t\t<label for=\"company_twitter\">\n\t\t\t\t\tTwitter username <small>(opcional)<\/small>\t\t\t\t<\/label>\n\t\t\t\t<div class=\"field \">\n\t\t\t\t\t<input type=\"text\" class=\"input-text\" name=\"company_twitter\" id=\"company_twitter\" placeholder=\"@yourcompany\" value=\"\" maxlength=\"\"  \/>\n\t\t\t\t<\/div>\n\t\t\t<\/fieldset>\n\t\t\n\t\t\n\t\t<!-- Company Information Fields -->\n\t\t\t\t\t\t\t\t\t\t\n\t\t<p>\n\t\t\t<input type=\"hidden\" name=\"job_manager_form\" value=\"submit-job\" \/>\n\t\t\t<input type=\"hidden\" name=\"job_id\" value=\"0\" \/>\n\t\t\t<input type=\"hidden\" name=\"step\" value=\"0\" \/>\n\t\t\t<input type=\"submit\" name=\"submit_job\" class=\"button\" value=\"Preview\" \/>\n\t\t<\/p>\n\n\t<\/form>\n<div class=\"twocolumn\">\n<p><strong>100% de garantia<\/strong><br \/>\nVost\u00e8 t\u00e9 15 \u00a0dies de prova i si no est\u00e0 satisfet per qualsevol motiu, nom\u00e9s cal que ens envieu \u00a0un correu electr\u00f2nic i nosaltres ens encarreguem de tot. Un cop passat el per\u00edode de prova ens posarem en contacte amb vost\u00e8 per si desitja fer la subscripci\u00f3 de pagament.<\/p>\n<p><strong>Quan costa la subscripci\u00f3 de l&#8217;anunci al directori de la Guia de Manresa?<br \/>\n<\/strong>El cost \u00e9s de 50\u20ac a l&#8217;any + iva, renovables cada any.<\/p>\n<p><strong>Quins m\u00e8todes de pagament\u00a0hi ha?<\/strong><br \/>\nPayPal o b\u00e9\u00a0per transfer\u00e8ncia banc\u00e0ria una vegada rebuda la factura.<\/p>\n<p><strong>Suport Best-in-Business<\/strong><br \/>\nTreballem\u00a0per fer que els nostres clients estiguin contents, per qualsevol cosa\u00a0si us plau poseu-vos en contacte amb nosaltres. Podem editar l&#8217;anunci nosaltres mateixos si ho desitgeu.<\/p>\n<p><strong>Puc cancel\u00b7lar la meva subscripci\u00f3?<\/strong><br \/>\nS\u00ed, pot cancel\u00b7lar i realitzar altres accions en les subscripcions a trav\u00e9s de la p\u00e0gina el<br \/>\nmeu compte.<\/p>\n<p><strong>No he trobat el meu sector o en suggereixo un de nou<br \/>\n<\/strong>Envia un correu electr\u00f2nic a <a href=\"mailto:guia@guiamanresa.cat\">guia@guiamanresa.cat<\/a> i el donarem d&#8217;alta<\/p>\n<p><strong>Alguna altra pregunta que podem respondre?<\/strong><br \/>\nEstem aqu\u00ed per ajudar. Contacta&#8217;ns, \u00a0<a href=\"mailto:\u00a0guia@guiamanresa.cat\">\u00a0guia@guiamanresa.cat<\/a><\/p>\n<p>Altres opcions de publicitat : <a href=\"http:\/\/www.guiamanresa.com\/publicitat\/publicitat.htm\" target=\"_blank\">publicitat a guiamanresa.cat\u00a0<\/a><\/p>\n<\/div>\n<!-- AddThis Advanced Settings generic via filter on the_content --><!-- AddThis Share Buttons generic via filter on the_content -->","protected":false},"excerpt":{"rendered":"<p>Benvingut<!-- AddThis Advanced Settings generic via filter on get_the_excerpt --><!-- AddThis Share Buttons generic via filter on get_the_excerpt --><\/p>\n","protected":false},"author":1,"featured_media":99991032,"parent":0,"menu_order":0,"comment_status":"closed","ping_status":"closed","template":"","meta":{"jetpack_post_was_ever_published":false,"footnotes":""},"class_list":["post-10","page","type-page","status-publish","has-post-thumbnail","hentry"],"yoast_head":"<!-- This site is optimized with the Yoast SEO plugin v27.0 - https:\/\/yoast.com\/product\/yoast-seo-wordpress\/ -->\n<title>Afegeix el teu negoci a la Guia de Manresa - Directori Guia Manresa<\/title>\n<meta name=\"robots\" content=\"index, follow, max-snippet:-1, max-image-preview:large, max-video-preview:-1\" \/>\n<link rel=\"canonical\" href=\"https:\/\/www.guiamanresa.cat\/directori\/add-listing\/\" \/>\n<meta property=\"og:locale\" content=\"ca_ES\" \/>\n<meta property=\"og:type\" content=\"article\" \/>\n<meta property=\"og:title\" content=\"Afegeix el teu negoci a la Guia de Manresa - Directori Guia Manresa\" \/>\n<meta property=\"og:description\" content=\"Benvingut\" \/>\n<meta property=\"og:url\" content=\"https:\/\/www.guiamanresa.cat\/directori\/add-listing\/\" \/>\n<meta property=\"og:site_name\" content=\"Directori Guia Manresa\" \/>\n<meta property=\"article:modified_time\" content=\"2017-03-24T10:07:42+00:00\" \/>\n<meta property=\"og:image\" content=\"https:\/\/i2.wp.com\/www.guiamanresa.cat\/directori\/wp-content\/uploads\/2015\/11\/07_listable_demo.jpg?fit=1080%2C717&ssl=1\" \/>\n\t<meta property=\"og:image:width\" content=\"1080\" \/>\n\t<meta property=\"og:image:height\" content=\"717\" \/>\n\t<meta property=\"og:image:type\" content=\"image\/jpeg\" \/>\n<meta name=\"twitter:card\" content=\"summary_large_image\" \/>\n<meta name=\"twitter:label1\" content=\"Temps estimat de lectura\" \/>\n\t<meta name=\"twitter:data1\" content=\"1 minut\" \/>\n<script type=\"application\/ld+json\" class=\"yoast-schema-graph\">{\"@context\":\"https:\/\/schema.org\",\"@graph\":[{\"@type\":\"WebPage\",\"@id\":\"https:\/\/www.guiamanresa.cat\/directori\/add-listing\/\",\"url\":\"https:\/\/www.guiamanresa.cat\/directori\/add-listing\/\",\"name\":\"Afegeix el teu negoci a la Guia de Manresa - Directori Guia Manresa\",\"isPartOf\":{\"@id\":\"https:\/\/www.guiamanresa.cat\/directori\/#website\"},\"primaryImageOfPage\":{\"@id\":\"https:\/\/www.guiamanresa.cat\/directori\/add-listing\/#primaryimage\"},\"image\":{\"@id\":\"https:\/\/www.guiamanresa.cat\/directori\/add-listing\/#primaryimage\"},\"thumbnailUrl\":\"https:\/\/i0.wp.com\/www.guiamanresa.cat\/directori\/wp-content\/uploads\/2015\/11\/07_listable_demo.jpg?fit=1080%2C717&ssl=1\",\"datePublished\":\"2015-09-23T08:50:11+00:00\",\"dateModified\":\"2017-03-24T10:07:42+00:00\",\"breadcrumb\":{\"@id\":\"https:\/\/www.guiamanresa.cat\/directori\/add-listing\/#breadcrumb\"},\"inLanguage\":\"ca\",\"potentialAction\":[{\"@type\":\"ReadAction\",\"target\":[\"https:\/\/www.guiamanresa.cat\/directori\/add-listing\/\"]}]},{\"@type\":\"ImageObject\",\"inLanguage\":\"ca\",\"@id\":\"https:\/\/www.guiamanresa.cat\/directori\/add-listing\/#primaryimage\",\"url\":\"https:\/\/i0.wp.com\/www.guiamanresa.cat\/directori\/wp-content\/uploads\/2015\/11\/07_listable_demo.jpg?fit=1080%2C717&ssl=1\",\"contentUrl\":\"https:\/\/i0.wp.com\/www.guiamanresa.cat\/directori\/wp-content\/uploads\/2015\/11\/07_listable_demo.jpg?fit=1080%2C717&ssl=1\",\"width\":1080,\"height\":717},{\"@type\":\"BreadcrumbList\",\"@id\":\"https:\/\/www.guiamanresa.cat\/directori\/add-listing\/#breadcrumb\",\"itemListElement\":[{\"@type\":\"ListItem\",\"position\":1,\"name\":\"Inici\",\"item\":\"https:\/\/www.guiamanresa.cat\/directori\/\"},{\"@type\":\"ListItem\",\"position\":2,\"name\":\"Afegeix el teu negoci a la Guia de Manresa\"}]},{\"@type\":\"WebSite\",\"@id\":\"https:\/\/www.guiamanresa.cat\/directori\/#website\",\"url\":\"https:\/\/www.guiamanresa.cat\/directori\/\",\"name\":\"Directori Guia Manresa\",\"description\":\"La Guia de Manresa i de la Catalunya Central\",\"potentialAction\":[{\"@type\":\"SearchAction\",\"target\":{\"@type\":\"EntryPoint\",\"urlTemplate\":\"https:\/\/www.guiamanresa.cat\/directori\/?s={search_term_string}\"},\"query-input\":{\"@type\":\"PropertyValueSpecification\",\"valueRequired\":true,\"valueName\":\"search_term_string\"}}],\"inLanguage\":\"ca\"}]}<\/script>\n<!-- \/ Yoast SEO plugin. -->","yoast_head_json":{"title":"Afegeix el teu negoci a la Guia de Manresa - Directori Guia Manresa","robots":{"index":"index","follow":"follow","max-snippet":"max-snippet:-1","max-image-preview":"max-image-preview:large","max-video-preview":"max-video-preview:-1"},"canonical":"https:\/\/www.guiamanresa.cat\/directori\/add-listing\/","og_locale":"ca_ES","og_type":"article","og_title":"Afegeix el teu negoci a la Guia de Manresa - Directori Guia Manresa","og_description":"Benvingut","og_url":"https:\/\/www.guiamanresa.cat\/directori\/add-listing\/","og_site_name":"Directori Guia Manresa","article_modified_time":"2017-03-24T10:07:42+00:00","og_image":[{"width":1080,"height":717,"url":"https:\/\/i2.wp.com\/www.guiamanresa.cat\/directori\/wp-content\/uploads\/2015\/11\/07_listable_demo.jpg?fit=1080%2C717&ssl=1","type":"image\/jpeg"}],"twitter_card":"summary_large_image","twitter_misc":{"Temps estimat de lectura":"1 minut"},"schema":{"@context":"https:\/\/schema.org","@graph":[{"@type":"WebPage","@id":"https:\/\/www.guiamanresa.cat\/directori\/add-listing\/","url":"https:\/\/www.guiamanresa.cat\/directori\/add-listing\/","name":"Afegeix el teu negoci a la Guia de Manresa - Directori Guia Manresa","isPartOf":{"@id":"https:\/\/www.guiamanresa.cat\/directori\/#website"},"primaryImageOfPage":{"@id":"https:\/\/www.guiamanresa.cat\/directori\/add-listing\/#primaryimage"},"image":{"@id":"https:\/\/www.guiamanresa.cat\/directori\/add-listing\/#primaryimage"},"thumbnailUrl":"https:\/\/i0.wp.com\/www.guiamanresa.cat\/directori\/wp-content\/uploads\/2015\/11\/07_listable_demo.jpg?fit=1080%2C717&ssl=1","datePublished":"2015-09-23T08:50:11+00:00","dateModified":"2017-03-24T10:07:42+00:00","breadcrumb":{"@id":"https:\/\/www.guiamanresa.cat\/directori\/add-listing\/#breadcrumb"},"inLanguage":"ca","potentialAction":[{"@type":"ReadAction","target":["https:\/\/www.guiamanresa.cat\/directori\/add-listing\/"]}]},{"@type":"ImageObject","inLanguage":"ca","@id":"https:\/\/www.guiamanresa.cat\/directori\/add-listing\/#primaryimage","url":"https:\/\/i0.wp.com\/www.guiamanresa.cat\/directori\/wp-content\/uploads\/2015\/11\/07_listable_demo.jpg?fit=1080%2C717&ssl=1","contentUrl":"https:\/\/i0.wp.com\/www.guiamanresa.cat\/directori\/wp-content\/uploads\/2015\/11\/07_listable_demo.jpg?fit=1080%2C717&ssl=1","width":1080,"height":717},{"@type":"BreadcrumbList","@id":"https:\/\/www.guiamanresa.cat\/directori\/add-listing\/#breadcrumb","itemListElement":[{"@type":"ListItem","position":1,"name":"Inici","item":"https:\/\/www.guiamanresa.cat\/directori\/"},{"@type":"ListItem","position":2,"name":"Afegeix el teu negoci a la Guia de Manresa"}]},{"@type":"WebSite","@id":"https:\/\/www.guiamanresa.cat\/directori\/#website","url":"https:\/\/www.guiamanresa.cat\/directori\/","name":"Directori Guia Manresa","description":"La Guia de Manresa i de la Catalunya Central","potentialAction":[{"@type":"SearchAction","target":{"@type":"EntryPoint","urlTemplate":"https:\/\/www.guiamanresa.cat\/directori\/?s={search_term_string}"},"query-input":{"@type":"PropertyValueSpecification","valueRequired":true,"valueName":"search_term_string"}}],"inLanguage":"ca"}]}},"jetpack_sharing_enabled":true,"jetpack_shortlink":"https:\/\/wp.me\/P78KJh-a","jetpack-related-posts":[],"_links":{"self":[{"href":"https:\/\/www.guiamanresa.cat\/directori\/wp-json\/wp\/v2\/pages\/10","targetHints":{"allow":["GET"]}}],"collection":[{"href":"https:\/\/www.guiamanresa.cat\/directori\/wp-json\/wp\/v2\/pages"}],"about":[{"href":"https:\/\/www.guiamanresa.cat\/directori\/wp-json\/wp\/v2\/types\/page"}],"author":[{"embeddable":true,"href":"https:\/\/www.guiamanresa.cat\/directori\/wp-json\/wp\/v2\/users\/1"}],"replies":[{"embeddable":true,"href":"https:\/\/www.guiamanresa.cat\/directori\/wp-json\/wp\/v2\/comments?post=10"}],"version-history":[{"count":14,"href":"https:\/\/www.guiamanresa.cat\/directori\/wp-json\/wp\/v2\/pages\/10\/revisions"}],"predecessor-version":[{"id":99991716,"href":"https:\/\/www.guiamanresa.cat\/directori\/wp-json\/wp\/v2\/pages\/10\/revisions\/99991716"}],"wp:featuredmedia":[{"embeddable":true,"href":"https:\/\/www.guiamanresa.cat\/directori\/wp-json\/wp\/v2\/media\/99991032"}],"wp:attachment":[{"href":"https:\/\/www.guiamanresa.cat\/directori\/wp-json\/wp\/v2\/media?parent=10"}],"curies":[{"name":"wp","href":"https:\/\/api.w.org\/{rel}","templated":true}]}}